{"id":118,"date":"2025-03-11T18:56:52","date_gmt":"2025-03-11T17:56:52","guid":{"rendered":"https:\/\/baralamedaesteiro.com\/?page_id=118"},"modified":"2025-03-14T14:08:10","modified_gmt":"2025-03-14T13:08:10","slug":"aviso-legal","status":"publish","type":"page","link":"https:\/\/baralamedaesteiro.com\/en\/aviso-legal\/","title":{"rendered":"Aviso Legal"},"content":{"rendered":"{\u00abvisual\u00bb:false,\u00bbtitle\u00bb:\u00bb\u00bb,\u00bbtext\u00bb:\u00bb<strong>Informaci\u00f3n General<\/strong>\\r\\n\\r\\nEl titular de este sitio web es DIEGO MANUEL LESTON LAGO, con NIF 44817857B y domicilio sito en R\u00faa Ribeira do Maio, 53. 15240 &#8211; Muros (A Coru\u00f1a)\\r\\n\\r\\nCon \u00e1nimo de que el uso del Sitio Web se ajuste a criterios de transparencia, claridad y sencillez, DIEGO MANUEL LESTON LAGO. informa al usuario que cualquier sugerencia, duda o consulta sobre el presente Aviso Legal o cualquier otro documento informativo del sitio web ser\u00e1 recibida y solucionada contactando con DIEGO MANUEL LESTON LAGO, a trav\u00e9s de la direcci\u00f3n de correo electr\u00f3nica: info@baralamedaesteiro.com\\r\\n\\r\\n<strong>Propiedad Intelectual<\/strong>\\r\\n\\r\\nTodos los contenidos que se muestran en el presente sitio web, y en especial dise\u00f1os, textos, im\u00e1genes, logos, iconos, nombres comerciales, marcas o cualquier otra informaci\u00f3n susceptible de utilizaci\u00f3n industrial y\/o comercial est\u00e1n protegidos por los correspondientes derechos de autor, no permitiendo su reproducci\u00f3n, transmisi\u00f3n o registro de informaci\u00f3n salvo autorizaci\u00f3n previa del titular, DIEGO MANUEL LESTON LAGO. No obstante, el usuario podr\u00e1 utilizar informaci\u00f3n facilitada para gestionar su pedido y los datos de contacto correspondientes.\\r\\n\\r\\n<strong>Enlaces<\/strong>\\r\\n\\r\\nDIEGO MANUEL LESTON LAGO, no asume ninguna responsabilidad sobre los enlaces hac\u00eda otros sitios o p\u00e1ginas web que, en su caso, pudieran incluirse en el mismo, ya que no tiene ning\u00fan tipo de control sobre los mismos, por lo que el usuario accede bajo su exclusiva responsabilidad al contenido y en las condiciones de uso que rijan en los mismos.\u00bb,\u00bbfilter\u00bb:\u00bb1&#8243;,\u00bblegacy\u00bb:false}","protected":false},"excerpt":{"rendered":"","protected":false},"author":1,"featured_media":0,"parent":0,"menu_order":0,"comment_status":"closed","ping_status":"closed","template":"","meta":{"pagelayer_contact_templates":[],"_pagelayer_content":"","footnotes":""},"class_list":["post-118","page","type-page","status-publish","hentry"],"_links":{"self":[{"href":"https:\/\/baralamedaesteiro.com\/en\/wp-json\/wp\/v2\/pages\/118","targetHints":{"allow":["GET"]}}],"collection":[{"href":"https:\/\/baralamedaesteiro.com\/en\/wp-json\/wp\/v2\/pages"}],"about":[{"href":"https:\/\/baralamedaesteiro.com\/en\/wp-json\/wp\/v2\/types\/page"}],"author":[{"embeddable":true,"href":"https:\/\/baralamedaesteiro.com\/en\/wp-json\/wp\/v2\/users\/1"}],"replies":[{"embeddable":true,"href":"https:\/\/baralamedaesteiro.com\/en\/wp-json\/wp\/v2\/comments?post=118"}],"version-history":[{"count":6,"href":"https:\/\/baralamedaesteiro.com\/en\/wp-json\/wp\/v2\/pages\/118\/revisions"}],"predecessor-version":[{"id":218,"href":"https:\/\/baralamedaesteiro.com\/en\/wp-json\/wp\/v2\/pages\/118\/revisions\/218"}],"wp:attachment":[{"href":"https:\/\/baralamedaesteiro.com\/en\/wp-json\/wp\/v2\/media?parent=118"}],"curies":[{"name":"wp","href":"https:\/\/api.w.org\/{rel}","templated":true}]}}