{"id":140,"date":"2025-03-11T19:29:53","date_gmt":"2025-03-11T18:29:53","guid":{"rendered":"https:\/\/baralamedaesteiro.com\/?page_id=140"},"modified":"2025-03-14T14:20:53","modified_gmt":"2025-03-14T13:20:53","slug":"accesibilidad","status":"publish","type":"page","link":"https:\/\/baralamedaesteiro.com\/en\/accesibilidad\/","title":{"rendered":"Accesibilidad"},"content":{"rendered":"{\u00abvisual\u00bb:false,\u00bbtitle\u00bb:\u00bb\u00bb,\u00bbtext\u00bb:\u00bbDIEGO MANUEL LESTON LAGO, se ha comprometido a hacer accesible su sitio web, de conformidad con el Real Decreto 1112\/2018, de 7 de septiembre, sobre accesibilidad de los sitios web y aplicaciones para dispositivos m\u00f3viles del sector p\u00fablico.\\r\\n\\r\\nLa presente declaraci\u00f3n de accesibilidad se aplica al sitio web\u00a0https:\/\/baralamedaesteiro.com, excluyendo los contenidos incrustados provenientes de otros dominios.\\r\\n\\r\\nSITUACI\u00d3N DE CUMPLIMIENTO\\r\\n\\r\\nEste sitio web es parcialmente conforme con el\u00a0RD 1112\/2018 debido a las excepciones y a la falta de conformidad de los aspectos que se indican a continuaci\u00f3n.\\r\\n\\r\\nCONTENIDO NO ACCESIBLE\\r\\n\\r\\nEl contenido que se recoge a continuaci\u00f3n no es accesible por lo siguiente:\\r\\n\\r\\nFalta de conformidad con el RD 1112\/2018\\r\\n\\r\\nPodr\u00edan existir problemas de Contenido se\u00f1alado con el puntero o que tiene el foco [Requisito 9.1.4.13]\\r\\nPodr\u00edan existir problemas de Foco visible [Requisito 9.2.4.7]\\r\\nPodr\u00edan existir problemas de Gestos con el puntero [Requisito 9.2.5.1]\\r\\nPodr\u00edan existir problemas de Activaci\u00f3n mediante movimiento [Requisito 9.2.5.4]\\r\\nPodr\u00edan existir problemas en Requisitos de conformidad de las Pautas WCAG [Requisito 9.6]\\r\\nPodr\u00edan existir problemas en el Servicio de Reparaci\u00f3n [Requisito 11.8.4]\\r\\nPodr\u00edan existir problemas de Comunicaci\u00f3n efectiva. [Requisito 12.2.3]\\r\\nPodr\u00edan existir problemas de Documentaci\u00f3n accesible [Requisito 12.2.4]\\r\\n\\r\\nCarga desproporcionada\\r\\n\\r\\nNo aplica.\\r\\n\\r\\nEl contenido no entra dentro del \u00e1mbito de la legislaci\u00f3n aplicable\\r\\n\\r\\nNo aplica.\\r\\n\\r\\nPREPARACI\u00d3N DE LA PRESENTE DECLARACI\u00d3N DE ACCESIBILIDAD\\r\\n\\r\\nLa presente declaraci\u00f3n fue preparada el 11 de Marzo 2025.\\r\\n\\r\\nEl m\u00e9todo empleado para preparar la declaraci\u00f3n ha sido una autoevaluaci\u00f3n llevada a cabo por Sigescee S.L.\\r\\n\\r\\n\u00daltima revisi\u00f3n de la declaraci\u00f3n: 11 de Marzo 2025.\\r\\n\\r\\nOBSERVACIONES Y DATOS DE CONTACTO\\r\\n\\r\\nPuede realizar comunicaciones sobre requisitos de accesibilidad (art\u00edculo 10.2.a del RD 1112\/2018) como por ejemplo:\\r\\n\\r\\ninformar sobre cualquier posible incumplimiento por parte de este sitio web\\r\\ntransmitir otras\u00a0dificultades de acceso\u00a0al contenido\\r\\nformular cualquier otra\u00a0consulta o sugerencia de mejora\u00a0relativa a la accesibilidad del sitio web\\r\\n\\r\\nA trav\u00e9s del formulario de contacto de este sitio web o a trav\u00e9s del n\u00famero de tel\u00e9fono (+34) 686 063 479.\\r\\n\\r\\nPuede presentar:\\r\\n\\r\\nuna Queja relativa al cumplimiento de los requisitos del RD 1112\/2018 o\\r\\nuna Solicitud de Informaci\u00f3n accesible relativa a:\\r\\nContenidos que est\u00e1n excluidos del \u00e1mbito de aplicaci\u00f3n del RD 1112\/2018 seg\u00fan lo establecido por el art\u00edculo 3, apartado 4.\\r\\nContenidos que est\u00e1n exentos del cumplimiento de los requisitos de accesibilidad por imponer una carga desproporcionada.\\r\\n\\r\\nEn la Solicitud de informaci\u00f3n accesible, se debe concretar, con toda claridad, los hechos, razones y petici\u00f3n que permitan constatar que se trata de una solicitud razonable y leg\u00edtima.\\r\\n\\r\\nLas comunicaciones, quejas y solicitudes de informaci\u00f3n accesible ser\u00e1n recibidas y tratadas por DIEGO MANUEL LESTON LAGO.\\r\\n\\r\\nPROCEDIMIENTO DE APLICACI\u00d3N\\r\\n\\r\\nSi una vez realizada una solicitud de informaci\u00f3n accesible o queja, \u00e9sta hubiera sido desestimada, no se estuviera de acuerdo con la decisi\u00f3n adoptada, o la respuesta no cumpliera los requisitos contemplados en el art\u00edculo 12.5, la persona interesada podr\u00e1 iniciar una reclamaci\u00f3n. Igualmente se podr\u00e1 iniciar una reclamaci\u00f3n en el caso de que haya transcurrido el plazo de veinte d\u00edas h\u00e1biles sin haber obtenido respuesta.\\r\\n\\r\\nLa reclamaci\u00f3n puede ser presentada trav\u00e9s de este Formulario de Contacto , as\u00ed como en el resto de opciones recogidas en la Ley 39\/ 2015, de 1 de octubre, del Procedimiento Administrativo Com\u00fan de las Administraciones P\u00fablicas.\\r\\n\\r\\nLas reclamaciones ser\u00e1n recibidas y tratadas por DIEGO MANUEL LESTON LAGO.\\r\\n\\r\\nCONTENIDO OPCIONAL\\r\\n\\r\\nEste portal est\u00e1 dise\u00f1ado para poder cambiar el tama\u00f1o del texto y el color, as\u00ed como el fondo de la p\u00e1gina mediante las opciones de configuraci\u00f3n est\u00e1ndar de los navegadores.\\r\\n\\r\\nSi desea cambiar el tama\u00f1o de letra del texto en los principales navegadores gr\u00e1ficos utilice los siguientes men\u00fas:\\r\\n\\r\\nInternet Explorer, Mozilla y Firefox: Ver > Tama\u00f1o del texto\\r\\nOpera: Ver > Zoom\\r\\nSafari: Ver > Hacer el texto m\u00e1s grande\\r\\nChrome: Controla la p\u00e1gina actual > Tama\u00f1o del texto\\r\\nPara modificar el tama\u00f1o de todo en la p\u00e1gina:\\r\\nCtrl + + para aumentarlo\\r\\nCtrl + &#8211; para disminuirlo\\r\\nCtrl + 0 restaura el tama\u00f1o original del texto\\r\\nSi lo que quiere es anular la hoja de estilos o modificar el color del texto, puede consultar la p\u00e1gina\u00a0How to Change Text Size or Colors\u00a0de la WAI, que se puede leer traducida al espa\u00f1ol en \u00bfC\u00f3mo cambiar el tama\u00f1o del texto o colores?\u00bb,\u00bbfilter\u00bb:\u00bb1&#8243;,\u00bblegacy\u00bb:false}","protected":false},"excerpt":{"rendered":"","protected":false},"author":1,"featured_media":0,"parent":0,"menu_order":0,"comment_status":"closed","ping_status":"closed","template":"","meta":{"pagelayer_contact_templates":[],"_pagelayer_content":"","footnotes":""},"class_list":["post-140","page","type-page","status-publish","hentry"],"_links":{"self":[{"href":"https:\/\/baralamedaesteiro.com\/en\/wp-json\/wp\/v2\/pages\/140","targetHints":{"allow":["GET"]}}],"collection":[{"href":"https:\/\/baralamedaesteiro.com\/en\/wp-json\/wp\/v2\/pages"}],"about":[{"href":"https:\/\/baralamedaesteiro.com\/en\/wp-json\/wp\/v2\/types\/page"}],"author":[{"embeddable":true,"href":"https:\/\/baralamedaesteiro.com\/en\/wp-json\/wp\/v2\/users\/1"}],"replies":[{"embeddable":true,"href":"https:\/\/baralamedaesteiro.com\/en\/wp-json\/wp\/v2\/comments?post=140"}],"version-history":[{"count":4,"href":"https:\/\/baralamedaesteiro.com\/en\/wp-json\/wp\/v2\/pages\/140\/revisions"}],"predecessor-version":[{"id":228,"href":"https:\/\/baralamedaesteiro.com\/en\/wp-json\/wp\/v2\/pages\/140\/revisions\/228"}],"wp:attachment":[{"href":"https:\/\/baralamedaesteiro.com\/en\/wp-json\/wp\/v2\/media?parent=140"}],"curies":[{"name":"wp","href":"https:\/\/api.w.org\/{rel}","templated":true}]}}