{"id":144,"date":"2025-03-11T19:30:22","date_gmt":"2025-03-11T18:30:22","guid":{"rendered":"https:\/\/baralamedaesteiro.com\/?page_id=144"},"modified":"2025-03-14T14:12:23","modified_gmt":"2025-03-14T13:12:23","slug":"politica-de-cookies","status":"publish","type":"page","link":"https:\/\/baralamedaesteiro.com\/en\/politica-de-cookies\/","title":{"rendered":"Pol\u00edtica de Cookies"},"content":{"rendered":"{\u00abvisual\u00bb:false,\u00bbtitle\u00bb:\u00bb\u00bb,\u00bbtext\u00bb:\u00bb<strong>\u00bfQu\u00e9 son las Cookies?\u00a0<\/strong> Una cookie es un archivo o dispositivo que se descarga en el equipo terminal de un usuario con la finalidad de almacenar datos que podr\u00e1n ser actualizados y recuperados por la entidad responsable de su instalaci\u00f3n. Es decir, es un fichero que se descarga en su ordenador al acceder a determinadas p\u00e1ginas web. Las cookies permiten a una p\u00e1gina web, entre otras cosas, almacenar y recuperar informaci\u00f3n sobre los h\u00e1bitos de navegaci\u00f3n de un usuario o de su equipo y, dependiendo de la informaci\u00f3n que contengan y de la forma en que utilice su equipo, pueden utilizarse para reconocer al usuario. Sus principales funciones son:\\r\\n<ul>\\r\\n \\t<li>Llevar el control de usuarios: cuando un usuario introduce su nombre de usuario y contrase\u00f1a, se almacena una cookie para que no tenga que estar introduci\u00e9ndolas para cada p\u00e1gina del servidor. Sin embargo, una cookie no identifica solo a una persona, sino a una combinaci\u00f3n de computador-navegador-usuario.<\/li>\\r\\n \\t<li>Conseguir informaci\u00f3n sobre los h\u00e1bitos de navegaci\u00f3n del usuario, e intentos de spyware (programas esp\u00eda), por parte de agencias de publicidad y otros. Esto puede causar problemas de privacidad y es una de las razones por la que las cookies tienen sus detractores.<\/li>\\r\\n<\/ul>\\r\\nExisten diferentes tipos de cookies en funci\u00f3n, sobre todo, de la finalidad para la que son utilizadas, as\u00ed se distinguen, entre otras las siguientes:\\r\\n\\r\\n<strong>Cookies de an\u00e1lisis<\/strong>: estas cookies se utilizan para llevar a cabo un an\u00e1lisis de los comportamientos y acciones de los usuarios de la p\u00e1gina web, as\u00ed como para la elaboraci\u00f3n de perfiles de navegaci\u00f3n con el fin de realizar mejoras t\u00e9cnicas de funcionamiento y de servicio.\\r\\n\\r\\n<strong>Cookies publicitarias<\/strong>: permiten una gesti\u00f3n eficiente de espacios publicitarios en base a una serie de criterios, por ejemplo, verificar si el usuario ha tenido ya acceso o no a una noticia para proceder a actualizarla con una otra nueva.\\r\\n\\r\\n<strong>Cookies de publicidad comportamental<\/strong>: estas cookies se encargan de almacenar informaci\u00f3n del propio comportamiento de los usuarios centr\u00e1ndose en sus h\u00e1bitos de navegaci\u00f3n. Esto permite establecer perfiles de usuario en funci\u00f3n de su comportamiento y utilizarlos para personalizar la publicidad presentada. Si el usuario desea obtener m\u00e1s informaci\u00f3n sobre las cookies puede consultar el siguiente sitio web \u00a0<a href=\"\/en\/\"http:>http:\/\/www.aboutcookies.org\/<\/a>.\\r\\n\\r\\n<strong>\u00bfQu\u00e9 tipo de cookies utiliza esta p\u00e1gina web?<\/strong> La presente p\u00e1gina web est\u00e1 utilizando cookies que permiten facilitar al usuario el uso y la navegaci\u00f3n a trav\u00e9s de la misma, garantizar el acceso a determinados servicios, as\u00ed como mejorar la configuraci\u00f3n funcional de la web. Concretamente, esta p\u00e1gina web utiliza las siguientes cookies: &#8211;<em>Cookies Propias<\/em>\\r\\n<table width=\"\\\"100%\\\"\">\\r\\n<tbody>\\r\\n<tr>\\r\\n<td><strong>Cookie<\/strong><\/td>\\r\\n<td><strong>Nombre<\/strong><\/td>\\r\\n<td><strong>Prop\u00f3sito<\/strong><\/td>\\r\\n<\/tr>\\r\\n<tr>\\r\\n<td>De Sesi\u00f3n<\/td>\\r\\n<td>PHPSESSID<\/td>\\r\\n<td>Esta cookie es usada por el lenguaje de encriptado PHP para permitir que las variables de SESI\u00d3N sean guardadas en el servidor web. Esta cookie es esencial para el funcionamiento de la web.<\/td>\\r\\n<\/tr>\\r\\n<\/tbody>\\r\\n<\/table>\\r\\n-<em>Cookies de Terceros<\/em>\\r\\n<table width=\"\\\"100%\\\"\">\\r\\n<tbody>\\r\\n<tr>\\r\\n<td><strong>Cookie<\/strong><\/td>\\r\\n<td><strong>Nombre<\/strong><\/td>\\r\\n<td><strong>Prop\u00f3sito<\/strong><\/td>\\r\\n<\/tr>\\r\\n<tr>\\r\\n<td>Anal\u00edticas<\/td>\\r\\n<td>__utma, __utmb, __utmc, __utmt, __utmz, __ga, __gat<\/td>\\r\\n<td>Informes estad\u00edsticos sobre como los usuarios encuentran la p\u00e1gina web y c\u00f3mo la utilizan: p\u00e1ginas visitadas, tiempo de estancia, tipo de navegador\u2026\u00a0<a href=\"\/en\/\"http:>M\u00e1s informaci\u00f3n<\/a><\/td>\\r\\n<\/tr>\\r\\n<\/tbody>\\r\\n<\/table>\\r\\n<strong>\u00bfC\u00f3mo gestionar la configuraci\u00f3n de las cookies?<\/strong> En el presente apartado se lleva a cabo una breve exposici\u00f3n de c\u00f3mo consultar y llevar a cabo la configuraci\u00f3n del sistema de cookies en relaci\u00f3n a los navegadores m\u00e1s comunes o m\u00e1s utilizados por los usuarios En este sentido, pr\u00e1cticamente todos los navegadores permiten al usuario obtener informaci\u00f3n general sobre las cookies instaladas en una p\u00e1gina web, concretamente verificar la existencia de las mismas, su duraci\u00f3n o el sistema de eliminaci\u00f3n. En este sentido, a t\u00edtulo informativo, se facilitan una serie de enlaces relacionados:\\r\\n<ul>\\r\\n \\t<li><a href=\"\/en\/\"https:>Google Chrome<\/a><\/li>\\r\\n \\t<li><a href=\"\/en\/\"https:>Mozilla Firefox<\/a><\/li>\\r\\n \\t<li><a href=\"\/en\/\"https:>Internet Explorer<\/a><\/li>\\r\\n \\t<li><a href=\"\/en\/\"https:>Safari<\/a><\/li>\\r\\n<\/ul>\\r\\nPor otra parte, el usuario podr\u00e1 permitir, bloquear o eliminar las cookies instaladas en su equipo modificando la configuraci\u00f3n de su navegador conforme a las instrucciones indicadas en el mismo. A t\u00edtulo informativo se indica que habitualmente la configuraci\u00f3n de las cookies se suele llevar a cabo en el men\u00fa \u201cPreferencias\u201d o \u201cHerramientas\u201d de cada navegador, en cualquier caso, siempre podr\u00e1 acudir a la ayuda de su navegador para solucionar o solventar las dudas que se le generen al respecto. Conviene tener en cuenta que, si se impide la instalaci\u00f3n de todas las cookies, el contenido de la web as\u00ed como determinadas funcionalidades y servicios facilitados por la misma pueden verse afectados.\u00bb,\u00bbfilter\u00bb:\u00bb1&#8243;,\u00bblegacy\u00bb:false}","protected":false},"excerpt":{"rendered":"","protected":false},"author":1,"featured_media":0,"parent":0,"menu_order":0,"comment_status":"closed","ping_status":"closed","template":"","meta":{"pagelayer_contact_templates":[],"_pagelayer_content":"","footnotes":""},"class_list":["post-144","page","type-page","status-publish","hentry"],"_links":{"self":[{"href":"https:\/\/baralamedaesteiro.com\/en\/wp-json\/wp\/v2\/pages\/144","targetHints":{"allow":["GET"]}}],"collection":[{"href":"https:\/\/baralamedaesteiro.com\/en\/wp-json\/wp\/v2\/pages"}],"about":[{"href":"https:\/\/baralamedaesteiro.com\/en\/wp-json\/wp\/v2\/types\/page"}],"author":[{"embeddable":true,"href":"https:\/\/baralamedaesteiro.com\/en\/wp-json\/wp\/v2\/users\/1"}],"replies":[{"embeddable":true,"href":"https:\/\/baralamedaesteiro.com\/en\/wp-json\/wp\/v2\/comments?post=144"}],"version-history":[{"count":3,"href":"https:\/\/baralamedaesteiro.com\/en\/wp-json\/wp\/v2\/pages\/144\/revisions"}],"predecessor-version":[{"id":224,"href":"https:\/\/baralamedaesteiro.com\/en\/wp-json\/wp\/v2\/pages\/144\/revisions\/224"}],"wp:attachment":[{"href":"https:\/\/baralamedaesteiro.com\/en\/wp-json\/wp\/v2\/media?parent=144"}],"curies":[{"name":"wp","href":"https:\/\/api.w.org\/{rel}","templated":true}]}}